{"id":17,"date":"2025-10-17T11:29:03","date_gmt":"2025-10-17T09:29:03","guid":{"rendered":"https:\/\/al-sol.pl\/kontakt\/"},"modified":"2025-10-23T11:35:02","modified_gmt":"2025-10-23T09:35:02","slug":"kontakt","status":"publish","type":"page","link":"https:\/\/al-sol.pl\/es\/kontakt\/","title":{"rendered":"Contacto"},"content":{"rendered":"<p>[et_pb_section fb_built=&#8221;1&#8243; admin_label=&#8221;section&#8221; _builder_version=&#8221;4.16&#8243; global_colors_info=&#8221;{}&#8221;][et_pb_row column_structure=&#8221;2_5,3_5&#8243; _builder_version=&#8221;4.25.2&#8243; _module_preset=&#8221;default&#8221; global_colors_info=&#8221;{}&#8221;][et_pb_column type=&#8221;2_5&#8243; _builder_version=&#8221;4.25.2&#8243; _module_preset=&#8221;default&#8221; global_colors_info=&#8221;{}&#8221;][et_pb_image src=&#8221;https:\/\/al-sol.pl\/wp-content\/uploads\/2025\/10\/Projekt-bez-nazwy-18.png&#8221; title_text=&#8221;Projekt bez nazwy (18)&#8221; _builder_version=&#8221;4.25.2&#8243; _module_preset=&#8221;default&#8221; border_radii=&#8221;on|38px|38px|38px|38px&#8221; box_shadow_style=&#8221;preset1&#8243; global_colors_info=&#8221;{}&#8221;][\/et_pb_image][\/et_pb_column][et_pb_column type=&#8221;3_5&#8243; _builder_version=&#8221;4.25.2&#8243; _module_preset=&#8221;default&#8221; global_colors_info=&#8221;{}&#8221;][et_pb_text _builder_version=&#8221;4.25.2&#8243; _module_preset=&#8221;default&#8221; text_text_color=&#8221;#000000&#8243; text_font_size=&#8221;22px&#8221; text_line_height=&#8221;1.8em&#8221; header_text_color=&#8221;#000000&#8243; transform_translate=&#8221;6px|68px&#8221; global_colors_info=&#8221;{}&#8221;]<\/p>\n<p>W przypadku wszelkich pyta\u0144 lub ch\u0119ci nawi\u0105zania wsp\u00f3\u0142pracy, zapraszamy do kontaktu:<\/p>\n<p>tel. +48 783 489 104<\/p>\n<p><a href=\"mailto:alsol@al-sol.pl\">alsol@al-sol.pl<\/a><\/p>\n<p>Jeste\u015bmy te\u017c w social mediach:<\/p>\n<p>[\/et_pb_text][\/et_pb_column][\/et_pb_row][et_pb_row _builder_version=&#8221;4.25.2&#8243; _module_preset=&#8221;default&#8221; global_colors_info=&#8221;{}&#8221;][et_pb_column type=&#8221;4_4&#8243; _builder_version=&#8221;4.25.2&#8243; _module_preset=&#8221;default&#8221; global_colors_info=&#8221;{}&#8221;][et_pb_social_media_follow _builder_version=&#8221;4.25.2&#8243; _module_preset=&#8221;default&#8221; text_orientation=&#8221;center&#8221; hover_enabled=&#8221;0&#8243; global_colors_info=&#8221;{}&#8221; sticky_enabled=&#8221;0&#8243;][et_pb_social_media_follow_network social_network=&#8221;linkedin&#8221; icon_color=&#8221;#FFFFFF&#8221; use_icon_font_size=&#8221;on&#8221; icon_font_size=&#8221;30px&#8221; _builder_version=&#8221;4.25.2&#8243; _module_preset=&#8221;default&#8221; background_color=&#8221;#007bb6&#8243; custom_button=&#8221;on&#8221; button_text_size=&#8221;1px&#8221; hover_enabled=&#8221;0&#8243; box_shadow_style=&#8221;preset6&#8243; global_colors_info=&#8221;{}&#8221; follow_button=&#8221;off&#8221; url_new_window=&#8221;on&#8221; url=&#8221;https:\/\/www.linkedin.com\/showcase\/al-sol-spanish-for-business&#8221; sticky_enabled=&#8221;0&#8243;]linkedin[\/et_pb_social_media_follow_network][et_pb_social_media_follow_network social_network=&#8221;instagram&#8221; icon_color=&#8221;#FFFFFF&#8221; use_icon_font_size=&#8221;on&#8221; icon_font_size=&#8221;30px&#8221; _builder_version=&#8221;4.25.2&#8243; _module_preset=&#8221;default&#8221; background_color=&#8221;#ea2c59&#8243; hover_enabled=&#8221;0&#8243; box_shadow_style=&#8221;preset6&#8243; global_colors_info=&#8221;{}&#8221; follow_button=&#8221;off&#8221; url_new_window=&#8221;on&#8221; url=&#8221;www.instagram.com\/alsolpl&#8221; sticky_enabled=&#8221;0&#8243;]instagram[\/et_pb_social_media_follow_network][et_pb_social_media_follow_network social_network=&#8221;facebook&#8221; icon_color=&#8221;#FFFFFF&#8221; use_icon_font_size=&#8221;on&#8221; icon_font_size=&#8221;30px&#8221; _builder_version=&#8221;4.25.2&#8243; _module_preset=&#8221;default&#8221; background_color=&#8221;#3b5998&#8243; custom_button=&#8221;on&#8221; button_text_size=&#8221;16px&#8221; button_text_color=&#8221;#FFFFFF&#8221; button_bg_color=&#8221;RGBA(255,255,255,0)&#8221; box_shadow_style=&#8221;preset6&#8243; global_colors_info=&#8221;{}&#8221; follow_button=&#8221;off&#8221; url_new_window=&#8221;on&#8221;]facebook[\/et_pb_social_media_follow_network][\/et_pb_social_media_follow][\/et_pb_column][\/et_pb_row][et_pb_row _builder_version=&#8221;4.25.2&#8243; _module_preset=&#8221;default&#8221; global_colors_info=&#8221;{}&#8221;][et_pb_column type=&#8221;4_4&#8243; _builder_version=&#8221;4.25.2&#8243; _module_preset=&#8221;default&#8221; global_colors_info=&#8221;{}&#8221;][et_pb_heading title=&#8221;Skorzystaj z formularza kontaktowego:&#8221; _builder_version=&#8221;4.25.2&#8243; _module_preset=&#8221;default&#8221; global_colors_info=&#8221;{}&#8221;][\/et_pb_heading][\/et_pb_column][\/et_pb_row][\/et_pb_section][et_pb_section fb_built=&#8221;1&#8243; _builder_version=&#8221;4.25.2&#8243; _module_preset=&#8221;default&#8221; global_colors_info=&#8221;{}&#8221;][et_pb_row _builder_version=&#8221;4.25.2&#8243; _module_preset=&#8221;default&#8221; global_colors_info=&#8221;{}&#8221;][et_pb_column type=&#8221;4_4&#8243; _builder_version=&#8221;4.25.2&#8243; _module_preset=&#8221;default&#8221; global_colors_info=&#8221;{}&#8221;][et_pb_contact_form _builder_version=&#8221;4.25.2&#8243; _module_preset=&#8221;default&#8221; _unique_id=&#8221;b35b603e-4512-46d2-bafe-75f4843b6a00&#8243; global_colors_info=&#8221;{}&#8221;][et_pb_contact_field field_id=&#8221;Name&#8221; field_title=&#8221;Nazwa&#8221; _builder_version=&#8221;4.16&#8243; global_colors_info=&#8221;{}&#8221; button_text_size__hover_enabled=&#8221;off&#8221; button_one_text_size__hover_enabled=&#8221;off&#8221; button_two_text_size__hover_enabled=&#8221;off&#8221; button_text_color__hover_enabled=&#8221;off&#8221; button_one_text_color__hover_enabled=&#8221;off&#8221; button_two_text_color__hover_enabled=&#8221;off&#8221; button_border_width__hover_enabled=&#8221;off&#8221; button_one_border_width__hover_enabled=&#8221;off&#8221; button_two_border_width__hover_enabled=&#8221;off&#8221; button_border_color__hover_enabled=&#8221;off&#8221; button_one_border_color__hover_enabled=&#8221;off&#8221; button_two_border_color__hover_enabled=&#8221;off&#8221; button_border_radius__hover_enabled=&#8221;off&#8221; button_one_border_radius__hover_enabled=&#8221;off&#8221; button_two_border_radius__hover_enabled=&#8221;off&#8221; button_letter_spacing__hover_enabled=&#8221;off&#8221; button_one_letter_spacing__hover_enabled=&#8221;off&#8221; button_two_letter_spacing__hover_enabled=&#8221;off&#8221; button_bg_color__hover_enabled=&#8221;off&#8221; button_one_bg_color__hover_enabled=&#8221;off&#8221; button_two_bg_color__hover_enabled=&#8221;off&#8221;][\/et_pb_contact_field][et_pb_contact_field field_id=&#8221;Email&#8221; field_title=&#8221;Adres mejlowy&#8221; field_type=&#8221;email&#8221; _builder_version=&#8221;4.16&#8243; global_colors_info=&#8221;{}&#8221; button_text_size__hover_enabled=&#8221;off&#8221; button_one_text_size__hover_enabled=&#8221;off&#8221; button_two_text_size__hover_enabled=&#8221;off&#8221; button_text_color__hover_enabled=&#8221;off&#8221; button_one_text_color__hover_enabled=&#8221;off&#8221; button_two_text_color__hover_enabled=&#8221;off&#8221; button_border_width__hover_enabled=&#8221;off&#8221; button_one_border_width__hover_enabled=&#8221;off&#8221; button_two_border_width__hover_enabled=&#8221;off&#8221; button_border_color__hover_enabled=&#8221;off&#8221; button_one_border_color__hover_enabled=&#8221;off&#8221; button_two_border_color__hover_enabled=&#8221;off&#8221; button_border_radius__hover_enabled=&#8221;off&#8221; button_one_border_radius__hover_enabled=&#8221;off&#8221; button_two_border_radius__hover_enabled=&#8221;off&#8221; button_letter_spacing__hover_enabled=&#8221;off&#8221; button_one_letter_spacing__hover_enabled=&#8221;off&#8221; button_two_letter_spacing__hover_enabled=&#8221;off&#8221; button_bg_color__hover_enabled=&#8221;off&#8221; button_one_bg_color__hover_enabled=&#8221;off&#8221; button_two_bg_color__hover_enabled=&#8221;off&#8221;][\/et_pb_contact_field][et_pb_contact_field field_id=&#8221;Message&#8221; field_title=&#8221;Wiadomo\u015b\u0107&#8221; field_type=&#8221;text&#8221; fullwidth_field=&#8221;on&#8221; _builder_version=&#8221;4.16&#8243; global_colors_info=&#8221;{}&#8221; button_text_size__hover_enabled=&#8221;off&#8221; button_one_text_size__hover_enabled=&#8221;off&#8221; button_two_text_size__hover_enabled=&#8221;off&#8221; button_text_color__hover_enabled=&#8221;off&#8221; button_one_text_color__hover_enabled=&#8221;off&#8221; button_two_text_color__hover_enabled=&#8221;off&#8221; button_border_width__hover_enabled=&#8221;off&#8221; button_one_border_width__hover_enabled=&#8221;off&#8221; button_two_border_width__hover_enabled=&#8221;off&#8221; button_border_color__hover_enabled=&#8221;off&#8221; button_one_border_color__hover_enabled=&#8221;off&#8221; button_two_border_color__hover_enabled=&#8221;off&#8221; button_border_radius__hover_enabled=&#8221;off&#8221; button_one_border_radius__hover_enabled=&#8221;off&#8221; button_two_border_radius__hover_enabled=&#8221;off&#8221; button_letter_spacing__hover_enabled=&#8221;off&#8221; button_one_letter_spacing__hover_enabled=&#8221;off&#8221; button_two_letter_spacing__hover_enabled=&#8221;off&#8221; button_bg_color__hover_enabled=&#8221;off&#8221; button_one_bg_color__hover_enabled=&#8221;off&#8221; button_two_bg_color__hover_enabled=&#8221;off&#8221;][\/et_pb_contact_field][\/et_pb_contact_form][\/et_pb_column][\/et_pb_row][\/et_pb_section]<\/p>\n","protected":false},"excerpt":{"rendered":"<p>W przypadku wszelkich pyta\u0144 lub ch\u0119ci nawi\u0105zania wsp\u00f3\u0142pracy, zapraszamy do kontaktu: tel. +48 783 489 104 alsol@al-sol.pl Jeste\u015bmy te\u017c w social mediach:<\/p>","protected":false},"author":1,"featured_media":0,"parent":0,"menu_order":0,"comment_status":"closed","ping_status":"closed","template":"","meta":{"_et_pb_use_builder":"on","_et_pb_old_content":"<!-- wp:group {\"align\":\"full\",\"backgroundColor\":\"background\",\"style\":{\"spacing\":{\"padding\":{\"top\":\"var:preset|spacing|60\",\"bottom\":\"var:preset|spacing|60\"},\"margin\":{\"top\":\"0\",\"bottom\":\"0\"}}},\"layout\":{\"type\":\"constrained\"},\"metadata\":{\"name\":\"Contact\"}} -->\n<div class=\"wp-block-group alignfull has-background-background-color has-background\" id=\"kontakt\" style=\"margin-top:0;margin-bottom:0;padding-top:var(--wp--preset--spacing--60);padding-bottom:var(--wp--preset--spacing--60)\"><!-- wp:columns {\"align\":\"wide\",\"style\":{\"spacing\":{\"blockGap\":{\"top\":\"var:preset|spacing|40\",\"left\":\"var:preset|spacing|40\"}}}} -->\n<div class=\"wp-block-columns alignwide\"><!-- wp:column {\"width\":\"40%\"} -->\n<div class=\"wp-block-column\" style=\"flex-basis:40%\"><!-- wp:heading {\"fontSize\":\"large\"} -->\n<h2 class=\"wp-block-heading has-large-font-size\">Eksperckie us\u0142ugi t\u0142umaczeniowe dla biznesu<\/h2>\n<!-- \/wp:heading -->\n\n<!-- wp:paragraph {\"style\":{\"spacing\":{\"margin\":{\"top\":\"16px\"}}}} -->\n<p style=\"margin-top:16px\">Znajdziesz tu dane kontaktowe, takie jak adres siedziby, telefon i e-mail, by bez trudu nawi\u0105za\u0107 kontakt z naszym zespo\u0142em wsparcia.<\/p>\n<!-- \/wp:paragraph --><\/div>\n<!-- \/wp:column -->\n\n<!-- wp:column -->\n<div class=\"wp-block-column\"><!-- wp:group {\"backgroundColor\":\"tertiary\",\"style\":{\"spacing\":{\"padding\":{\"top\":\"var:preset|spacing|40\",\"bottom\":\"var:preset|spacing|40\",\"left\":\"var:preset|spacing|40\",\"right\":\"var:preset|spacing|40\"}},\"border\":{\"radius\":{\"topRight\":\"3rem\",\"bottomLeft\":\"3rem\",\"bottomRight\":\"0rem\",\"topLeft\":\"0rem\"}}},\"layout\":{\"type\":\"constrained\"}} -->\n<div class=\"wp-block-group has-tertiary-background-color has-background\" style=\"border-top-left-radius:0rem;border-top-right-radius:3rem;border-bottom-left-radius:3rem;border-bottom-right-radius:0rem;padding-top:var(--wp--preset--spacing--40);padding-right:var(--wp--preset--spacing--40);padding-bottom:var(--wp--preset--spacing--40);padding-left:var(--wp--preset--spacing--40)\"><!-- wp:wpforms\/form-selector {\"clientId\":\"406c62bf-d413-4f54-9e34-6ea96a36e1dd\",\"formId\":\"14\",\"copyPasteJsonValue\":\"{u0022displayTitleu0022:false,u0022displayDescu0022:false,u0022themeu0022:u0022defaultu0022,u0022themeImi\u0119u0022:u0022u0022,u0022fieldSizeu0022:u0022mediumu0022,u0022backgroundImageu0022:u0022noneu0022,u0022backgroundPositionu0022:u0022center centeru0022,u0022backgroundRepeatu0022:u0022no-repeatu0022,u0022backgroundSizeModeu0022:u0022coveru0022,u0022backgroundSizeu0022:u0022coveru0022,u0022backgroundWidthu0022:u0022100pxu0022,u0022backgroundHeightu0022:u0022100pxu0022,u0022backgroundUrlu0022:u0022url()u0022,u0022backgroundColoru0022:u0022rgba( 0, 0, 0, 0 )u0022,u0022fieldBorderRadiusu0022:u00223pxu0022,u0022fieldBorderStyleu0022:u0022solidu0022,u0022fieldBorderSizeu0022:u00221pxu0022,u0022fieldBackgroundColoru0022:u0022#ffffffu0022,u0022fieldBorderColoru0022:u0022rgba( 0, 0, 0, 0.25 )u0022,u0022fieldTextColoru0022:u0022rgba( 0, 0, 0, 0.7 )u0022,u0022fieldMenuColoru0022:u0022#ffffffu0022,u0022labelSizeu0022:u0022mediumu0022,u0022labelColoru0022:u0022rgba( 0, 0, 0, 0.85 )u0022,u0022labelSublabelColoru0022:u0022rgba( 0, 0, 0, 0.55 )u0022,u0022labelErrorColoru0022:u0022#d63637u0022,u0022buttonSizeu0022:u0022mediumu0022,u0022buttonBorderStyleu0022:u0022noneu0022,u0022buttonBorderSizeu0022:u00221pxu0022,u0022buttonBorderRadiusu0022:u00223pxu0022,u0022buttonBackgroundColoru0022:u0022#066aabu0022,u0022buttonTextColoru0022:u0022#ffffffu0022,u0022buttonBorderColoru0022:u0022#066aabu0022,u0022pageBreakColoru0022:u0022#066aabu0022,u0022containerPaddingu0022:u00220pxu0022,u0022containerBorderStyleu0022:u0022noneu0022,u0022containerBorderWidthu0022:u00221pxu0022,u0022containerBorderColoru0022:u0022#000000u0022,u0022containerBorderRadiusu0022:u00223pxu0022,u0022containerShadowSizeu0022:u0022noneu0022,u0022customCssu0022:u0022u0022}\"} \/--><\/div>\n<!-- \/wp:group --><\/div>\n<!-- \/wp:column --><\/div>\n<!-- \/wp:columns --><\/div>\n<!-- \/wp:group --><!-- wp:group {\"align\":\"full\",\"backgroundColor\":\"tertiary\",\"style\":{\"spacing\":{\"padding\":{\"top\":\"var:preset|spacing|60\",\"right\":\"var:preset|spacing|30\",\"bottom\":\"var:preset|spacing|60\",\"left\":\"var:preset|spacing|30\"},\"blockGap\":\"var:preset|spacing|30\",\"margin\":{\"top\":\"0\",\"bottom\":\"0\"}}},\"layout\":{\"inherit\":true,\"type\":\"constrained\",\"contentSize\":\"896px\"},\"metadata\":{\"name\":\" Contact\"}} -->\n<div class=\"wp-block-group alignfull has-tertiary-background-color has-background\" style=\"margin-top:0;margin-bottom:0;padding-top:var(--wp--preset--spacing--60);padding-right:var(--wp--preset--spacing--30);padding-bottom:var(--wp--preset--spacing--60);padding-left:var(--wp--preset--spacing--30)\"><!-- wp:group {\"backgroundColor\":\"background\",\"style\":{\"dimensions\":{\"minHeight\":\"100%\"},\"spacing\":{\"blockGap\":\"1rem\",\"padding\":{\"top\":\"var:preset|spacing|30\",\"bottom\":\"var:preset|spacing|30\",\"left\":\"var:preset|spacing|30\",\"right\":\"var:preset|spacing|30\"}},\"border\":{\"radius\":\"1.5rem\"}},\"layout\":{\"type\":\"constrained\",\"contentSize\":\"896px\"}} -->\n<div class=\"wp-block-group has-background-background-color has-background\" style=\"border-radius:1.5rem;min-height:100%;padding-top:var(--wp--preset--spacing--30);padding-right:var(--wp--preset--spacing--30);padding-bottom:var(--wp--preset--spacing--30);padding-left:var(--wp--preset--spacing--30)\"><!-- wp:group {\"backgroundColor\":\"tertiary\",\"style\":{\"spacing\":{\"blockGap\":\"var:preset|spacing|30\",\"padding\":{\"top\":\"var:preset|spacing|30\",\"bottom\":\"var:preset|spacing|30\",\"left\":\"var:preset|spacing|30\",\"right\":\"var:preset|spacing|30\"}},\"border\":{\"radius\":\"1.5rem\"}},\"layout\":{\"type\":\"constrained\",\"contentSize\":\"896px\"}} -->\n<div class=\"wp-block-group has-tertiary-background-color has-background\" style=\"border-radius:1.5rem;padding-top:var(--wp--preset--spacing--30);padding-right:var(--wp--preset--spacing--30);padding-bottom:var(--wp--preset--spacing--30);padding-left:var(--wp--preset--spacing--30)\"><!-- wp:image {\"aspectRatio\":\"16\/9\",\"scale\":\"cover\",\"className\":\"extendify-image-import\",\"style\":{\"border\":{\"radius\":{\"topLeft\":\"6rem\",\"topRight\":\"1.5rem\",\"bottomLeft\":\"1.5rem\",\"bottomRight\":\"6rem\"}}}} -->\n<figure class=\"wp-block-image has-custom-border extendify-image-import\"><img src=\"https:\/\/images.unsplash.com\/photo-1673515335152-f2589ba8bb7a?ixid=M3w0MzUxNjF8MHwxfHNlYXJjaHwyfHx0cmFuc2xhdGlvbnxlbnwwfHx8fDE3NjA0NzQxMjh8MA&amp;ixlib=rb-4.1.0&amp;orientation=landscape?fit=crop&amp;crop=entropy%2Cfaces&amp;auto=format%2Ccompress&amp;w=1280\" alt=\"\" style=\"border-top-left-radius:6rem;border-top-right-radius:1.5rem;border-bottom-left-radius:1.5rem;border-bottom-right-radius:6rem;aspect-ratio:16\/9;object-fit:cover\"\/><\/figure>\n<!-- \/wp:image -->\n\n<!-- wp:columns {\"isStackedOnMobile\":false,\"style\":{\"spacing\":{\"blockGap\":{\"left\":\"12px\"}}}} -->\n<div class=\"wp-block-columns is-not-stacked-on-mobile\"><!-- wp:column {\"width\":\"24px\",\"style\":{\"spacing\":{\"padding\":{\"top\":\"2px\"}}}} -->\n<div class=\"wp-block-column\" style=\"padding-top:2px;flex-basis:24px\"><!-- wp:image {\"sizeSlug\":\"large\",\"className\":\"extendify-image-import\",\"style\":{\"color\":{\"duotone\":\"var:preset|duotone|primary-foreground\"}}} -->\n<figure class=\"wp-block-image size-large extendify-image-import\"><img src=\"data:image\/svg+xml;base64,PHN2ZyB4bWxucz0iaHR0cDovL3d3dy53My5vcmcvMjAwMC9zdmciIGhlaWdodD0iMjRweCIgdmlld0JveD0iMCAtOTYwIDk2MCA5NjAiIHdpZHRoPSIyNHB4IiBmaWxsPSIjMWYxZjFmIj48cGF0aCBkPSJNNDgwLTMwMXE5OS04MCAxNDkuNS0xNTRUNjgwLTU5NHEwLTkwLTU2LTE0OHQtMTQ0LTU4cS04OCAwLTE0NCA1OHQtNTYgMTQ4cTAgNjUgNTAuNSAxMzlUNDgwLTMwMVptMCAxMDFRMzM5LTMwNCAyNjkuNS00MDJUMjAwLTU5NHEwLTEyNSA3OC0yMDUuNVQ0ODAtODgwcTEyNCAwIDIwMiA4MC41VDc2MC01OTRxMCA5NC02OS41IDE5MlQ0ODAtMjAwWm0wLTMyMHEzMyAwIDU2LjUtMjMuNVQ1NjAtNjAwcTAtMzMtMjMuNS01Ni41VDQ4MC02ODBxLTMzIDAtNTYuNSAyMy41VDQwMC02MDBxMCAzMyAyMy41IDU2LjVUNDgwLTUyMFpNMjAwLTgwdi04MGg1NjB2ODBIMjAwWm0yODAtNTIwWiIvPjwvc3ZnPg==\" alt=\"\"\/><\/figure>\n<!-- \/wp:image --><\/div>\n<!-- \/wp:column -->\n\n<!-- wp:column {\"width\":\"\",\"style\":{\"spacing\":{\"blockGap\":\"0\"}}} -->\n<div class=\"wp-block-column\"><!-- wp:paragraph {\"fontSize\":\"medium\",\"style\":{\"typography\":{\"fontStyle\":\"normal\",\"fontWeight\":\"500\"}}} -->\n<p class=\"has-medium-font-size\" style=\"font-style:normal;font-weight:500\">188 Aleja S\u0142oneczna, pok\u00f3j 12<\/p>\n<!-- \/wp:paragraph -->\n\n<!-- wp:paragraph {\"fontSize\":\"medium\",\"style\":{\"typography\":{\"fontStyle\":\"normal\",\"fontWeight\":\"500\"}}} -->\n<p class=\"has-medium-font-size\" style=\"font-style:normal;font-weight:500\">75 ulica Kwiatowa, biuro 5<\/p>\n<!-- \/wp:paragraph --><\/div>\n<!-- \/wp:column --><\/div>\n<!-- \/wp:columns --><\/div>\n<!-- \/wp:group -->\n\n<!-- wp:columns {\"verticalAlignment\":\"center\",\"isStackedOnMobile\":false,\"backgroundColor\":\"tertiary\",\"style\":{\"spacing\":{\"blockGap\":{\"left\":\"12px\"},\"padding\":{\"top\":\"var:preset|spacing|30\",\"bottom\":\"var:preset|spacing|30\",\"left\":\"var:preset|spacing|30\",\"right\":\"var:preset|spacing|30\"}},\"border\":{\"radius\":\"20rem\"}}} -->\n<div class=\"wp-block-columns are-vertically-aligned-center is-not-stacked-on-mobile has-tertiary-background-color has-background\" style=\"border-radius:20rem;padding-top:var(--wp--preset--spacing--30);padding-right:var(--wp--preset--spacing--30);padding-bottom:var(--wp--preset--spacing--30);padding-left:var(--wp--preset--spacing--30)\"><!-- wp:column {\"verticalAlignment\":\"center\",\"width\":\"24px\"} -->\n<div class=\"wp-block-column is-vertically-aligned-center\" style=\"flex-basis:24px\"><!-- wp:image {\"sizeSlug\":\"large\",\"className\":\"extendify-image-import\",\"style\":{\"color\":{\"duotone\":\"var:preset|duotone|primary-foreground\"}}} -->\n<figure class=\"wp-block-image size-large extendify-image-import\"><img src=\"data:image\/svg+xml;base64,PHN2ZyB4bWxucz0iaHR0cDovL3d3dy53My5vcmcvMjAwMC9zdmciIGhlaWdodD0iMjRweCIgdmlld0JveD0iMCAtOTYwIDk2MCA5NjAiIHdpZHRoPSIyNHB4IiBmaWxsPSIjMWYxZjFmIj48cGF0aCBkPSJNNzYwLTQ4MHEwLTExNy04MS41LTE5OC41VDQ4MC03NjB2LTgwcTc1IDAgMTQwLjUgMjguNXQxMTQgNzdxNDguNSA0OC41IDc3IDExNFQ4NDAtNDgwaC04MFptLTE2MCAwcTAtNTAtMzUtODV0LTg1LTM1di04MHE4MyAwIDE0MS41IDU4LjVUNjgwLTQ4MGgtODBabTE5OCAzNjBxLTEyNSAwLTI0Ny01NC41VDMyOS0zMjlRMjI5LTQyOSAxNzQuNS01NTFUMTIwLTc5OHEwLTE4IDEyLTMwdDMwLTEyaDE2MnExNCAwIDI1IDkuNXQxMyAyMi41bDI2IDE0MHEyIDE2LTEgMjd0LTExIDE5bC05NyA5OHEyMCAzNyA0Ny41IDcxLjVUMzg3LTM4NnEzMSAzMSA2NSA1Ny41dDcyIDQ4LjVsOTQtOTRxOS05IDIzLjUtMTMuNVQ2NzAtMzkwbDEzOCAyOHExNCA0IDIzIDE0LjV0OSAyMy41djE2MnEwIDE4LTEyIDMwdC0zMCAxMlpNMjQxLTYwMGw2Ni02Ni0xNy05NGgtODlxNSA0MSAxNCA4MXQyNiA3OVptMzU4IDM1OHEzOSAxNyA3OS41IDI3dDgxLjUgMTN2LTg4bC05NC0xOS02NyA2N1pNMjQxLTYwMFptMzU4IDM1OFoiLz48L3N2Zz4=\" alt=\"\"\/><\/figure>\n<!-- \/wp:image --><\/div>\n<!-- \/wp:column -->\n\n<!-- wp:column {\"verticalAlignment\":\"center\",\"width\":\"\",\"style\":{\"spacing\":{\"blockGap\":\"0\"}}} -->\n<div class=\"wp-block-column is-vertically-aligned-center\"><!-- wp:paragraph {\"fontSize\":\"medium\",\"style\":{\"typography\":{\"fontStyle\":\"normal\",\"fontWeight\":\"500\"}}} -->\n<p class=\"has-medium-font-size\" style=\"font-style:normal;font-weight:500\">+48 22 345 67 89<\/p>\n<!-- \/wp:paragraph --><\/div>\n<!-- \/wp:column --><\/div>\n<!-- \/wp:columns -->\n\n<!-- wp:columns {\"verticalAlignment\":\"center\",\"isStackedOnMobile\":false,\"backgroundColor\":\"tertiary\",\"style\":{\"spacing\":{\"blockGap\":{\"left\":\"12px\"},\"padding\":{\"top\":\"var:preset|spacing|30\",\"bottom\":\"var:preset|spacing|30\",\"left\":\"var:preset|spacing|30\",\"right\":\"var:preset|spacing|30\"}},\"border\":{\"radius\":\"20rem\"}}} -->\n<div class=\"wp-block-columns are-vertically-aligned-center is-not-stacked-on-mobile has-tertiary-background-color has-background\" style=\"border-radius:20rem;padding-top:var(--wp--preset--spacing--30);padding-right:var(--wp--preset--spacing--30);padding-bottom:var(--wp--preset--spacing--30);padding-left:var(--wp--preset--spacing--30)\"><!-- wp:column {\"verticalAlignment\":\"center\",\"width\":\"24px\"} -->\n<div class=\"wp-block-column is-vertically-aligned-center\" style=\"flex-basis:24px\"><!-- wp:image {\"sizeSlug\":\"large\",\"className\":\"extendify-image-import\",\"style\":{\"color\":{\"duotone\":\"var:preset|duotone|primary-foreground\"}}} -->\n<figure class=\"wp-block-image size-large extendify-image-import\"><img src=\"data:image\/svg+xml;base64,PHN2ZyB4bWxucz0iaHR0cDovL3d3dy53My5vcmcvMjAwMC9zdmciIGhlaWdodD0iMjRweCIgdmlld0JveD0iMCAtOTYwIDk2MCA5NjAiIHdpZHRoPSIyNHB4IiBmaWxsPSIjMWYxZjFmIj48cGF0aCBkPSJNMTYwLTE2MHEtMzMgMC01Ni41LTIzLjVUODAtMjQwdi00ODBxMC0zMyAyMy41LTU2LjVUMTYwLTgwMGg2NDBxMzMgMCA1Ni41IDIzLjVUODgwLTcyMHY0ODBxMCAzMy0yMy41IDU2LjVUODAwLTE2MEgxNjBabTMyMC0yODBMMTYwLTY0MHY0MDBoNjQwdi00MDBMNDgwLTQ0MFptMC04MCAzMjAtMjAwSDE2MGwzMjAgMjAwWk0xNjAtNjQwdi04MCA0ODAtNDAwWiIvPjwvc3ZnPg==\" alt=\"\"\/><\/figure>\n<!-- \/wp:image --><\/div>\n<!-- \/wp:column -->\n\n<!-- wp:column {\"verticalAlignment\":\"center\",\"width\":\"\",\"style\":{\"spacing\":{\"blockGap\":\"0\"}}} -->\n<div class=\"wp-block-column is-vertically-aligned-center\"><!-- wp:paragraph {\"fontSize\":\"medium\",\"style\":{\"typography\":{\"fontStyle\":\"normal\",\"fontWeight\":\"500\"}}} -->\n<p class=\"has-medium-font-size\" style=\"font-style:normal;font-weight:500\">kontakt@spanishforbusiness.pl<\/p>\n<!-- \/wp:paragraph --><\/div>\n<!-- \/wp:column --><\/div>\n<!-- \/wp:columns --><\/div>\n<!-- \/wp:group --><\/div>\n<!-- \/wp:group -->","_et_gb_content_width":"","footnotes":""},"class_list":["post-17","page","type-page","status-publish","hentry"],"aioseo_notices":[],"_links":{"self":[{"href":"https:\/\/al-sol.pl\/es\/wp-json\/wp\/v2\/pages\/17","targetHints":{"allow":["GET"]}}],"collection":[{"href":"https:\/\/al-sol.pl\/es\/wp-json\/wp\/v2\/pages"}],"about":[{"href":"https:\/\/al-sol.pl\/es\/wp-json\/wp\/v2\/types\/page"}],"author":[{"embeddable":true,"href":"https:\/\/al-sol.pl\/es\/wp-json\/wp\/v2\/users\/1"}],"replies":[{"embeddable":true,"href":"https:\/\/al-sol.pl\/es\/wp-json\/wp\/v2\/comments?post=17"}],"version-history":[{"count":3,"href":"https:\/\/al-sol.pl\/es\/wp-json\/wp\/v2\/pages\/17\/revisions"}],"predecessor-version":[{"id":100,"href":"https:\/\/al-sol.pl\/es\/wp-json\/wp\/v2\/pages\/17\/revisions\/100"}],"wp:attachment":[{"href":"https:\/\/al-sol.pl\/es\/wp-json\/wp\/v2\/media?parent=17"}],"curies":[{"name":"wp","href":"https:\/\/api.w.org\/{rel}","templated":true}]}}