{"id":16,"date":"2025-10-17T11:29:03","date_gmt":"2025-10-17T09:29:03","guid":{"rendered":"https:\/\/al-sol.pl\/o-nas\/"},"modified":"2025-10-22T12:27:26","modified_gmt":"2025-10-22T10:27:26","slug":"o-nas","status":"publish","type":"page","link":"https:\/\/al-sol.pl\/es\/o-nas\/","title":{"rendered":"Sobre nosotros"},"content":{"rendered":"<p>[et_pb_section fb_built=&#8221;1&#8243; admin_label=&#8221;section&#8221; _builder_version=&#8221;4.16&#8243; global_colors_info=&#8221;{}&#8221;][et_pb_row _builder_version=&#8221;4.25.2&#8243; _module_preset=&#8221;default&#8221;][et_pb_column _builder_version=&#8221;4.25.2&#8243; _module_preset=&#8221;default&#8221; type=&#8221;4_4&#8243;][et_pb_team_member name=&#8221;Aleksandra Solarek&#8221; image_url=&#8221;https:\/\/al-sol.pl\/wp-content\/uploads\/2025\/10\/PA303973-scaled.jpg&#8221; position=&#8221;Founder&#8221; _builder_version=&#8221;4.25.2&#8243; _module_preset=&#8221;default&#8221; background_color=&#8221;#FFFFFF&#8221; header_font_size=&#8221;21px&#8221; header_text_shadow_style=&#8221;preset3&#8243; body_font_size=&#8221;15px&#8221; body_text_color=&#8221;#000000&#8243; title_text=&#8221;OLYMPUS DIGITAL CAMERA&#8221; border_radii_image=&#8221;on|44px|44px|44px|44px&#8221; box_shadow_style_image=&#8221;preset1&#8243; hover_enabled=&#8221;0&#8243; sticky_enabled=&#8221;0&#8243;]<\/p>\n<p>Al Sol (hiszp. &#8222;na s\u0142o\u0144cu&#8221;), czyli <strong>Al<\/strong>eksandra <strong>Sol<\/strong>arek &#8211; to ja i moje miejsce, kt\u00f3re zosta\u0142o stworzone z potrzeby budowania komunikacyjnych most\u00f3w pomi\u0119dzy Polsk\u0105 a krajami hiszpa\u0144skoj\u0119zycznymi. \u015awiat i tak ju\u017c si\u0119 &#8222;zmniejszy\u0142&#8221; &#8211; wyci\u0105gnijmy wi\u0119c do siebie d\u0142onie i dzia\u0142ajmy razem dzi\u0119ki sprawnej komunikacji.<\/p>\n<p>Jestem absolwentk\u0105 Uniwersytetu Adama Mickiewicza w Poznaniu, kierunek sinologia oraz hispanistyka. Ale moja pasja do hiszpa\u0144skiego zacz\u0119\u0142a si\u0119 kilka lat wcze\u015bniej, w szkole \u015bredniej o profilu dwuj\u0119zycznym z ramienia Instytutu Cervantesa. Wyb\u00f3r tej szko\u0142y nakre\u015bli\u0142 wiele moich kolejnych \u015bcie\u017cek &#8211; zar\u00f3wno zawodowych, jak i \u017cyciowych.<\/p>\n<p>Przez kilka lat pracowa\u0142am w korporacjach, gdzie j\u0119zyk hiszpa\u0144ski by\u0142 moim g\u0142\u00f3wnym narz\u0119dziem pracy. Procesowa\u0142am dokumenty, koordynowa\u0142am procesy zam\u00f3wie\u0144 dla klient\u00f3w B2B, t\u0142umaczy\u0142am dokumentacje, szkoli\u0142am pracownik\u00f3w z Hiszpanii, organizowa\u0142am podr\u00f3\u017ce s\u0142u\u017cbowe dla klient\u00f3w z Hiszpanii pragn\u0105cych rozwija\u0107 sw\u00f3j biznes w Polsce i na odwr\u00f3t&#8230; du\u017co tego. Pasjonuje mnie szeroko poj\u0119ta praca biurowa i biznesowa z j\u0119zykiem hiszpa\u0144skim, dlatego postanowi\u0142am kontynuowa\u0107 to w zakresie w\u0142asnej dzia\u0142alno\u015bci. Moim ostatnim stanowiskiem &#8222;etatowym&#8221; by\u0142a praca jako Key Account Manager w firmie zajmuj\u0105cej si\u0119 dekoracj\u0105 wn\u0119trz &#8211; pozyskiwa\u0142am klient\u00f3w, zarz\u0105dza\u0142am kontaktami z bie\u017c\u0105cymi klientami oraz wspiera\u0142am marketingowo.<\/p>\n<p>W 2021 roku zrobi\u0142am studia podyplomowe Colegium DaVinci z zakresu marketingu internetowego oraz przesz\u0142am kurs korekty tekstu <a href=\"https:\/\/bookowska.pl\/\" target=\"_blank\" rel=\"noopener\">Patrycji &#8222;Bookowskiej&#8221; Bukowskiej<\/a>.<\/p>\n<p>Lubi\u0119 \u0142\u0105czy\u0107 \u015bwiaty i perspektywy. Moje wykszta\u0142cenie i do\u015bwiadczenie zawodowe s\u0105 tego najlepszym przyk\u0142adem. Wierz\u0119, \u017ce mog\u0119 pom\u00f3c Tobie i\/lub Twojemu biznesowi na r\u00f3\u017cnych p\u0142aszczyznach.<\/p>\n<p>[\/et_pb_team_member][\/et_pb_column][\/et_pb_row][\/et_pb_section]<\/p>\n","protected":false},"excerpt":{"rendered":"<p>Al Sol (hiszp. &#8222;na s\u0142o\u0144cu&#8221;), czyli Aleksandra Solarek &#8211; to ja i moje miejsce, kt\u00f3re zosta\u0142o stworzone z potrzeby budowania komunikacyjnych most\u00f3w pomi\u0119dzy Polsk\u0105 a krajami hiszpa\u0144skoj\u0119zycznymi. \u015awiat i tak ju\u017c si\u0119 &#8222;zmniejszy\u0142&#8221; &#8211; wyci\u0105gnijmy wi\u0119c do siebie d\u0142onie i dzia\u0142ajmy razem dzi\u0119ki sprawnej komunikacji. Jestem absolwentk\u0105 Uniwersytetu Adama Mickiewicza w Poznaniu, kierunek sinologia oraz [&hellip;]<\/p>\n","protected":false},"author":1,"featured_media":0,"parent":0,"menu_order":0,"comment_status":"closed","ping_status":"closed","template":"","meta":{"_et_pb_use_builder":"on","_et_pb_old_content":"<!-- wp:group {\"align\":\"full\",\"backgroundColor\":\"background\",\"style\":{\"spacing\":{\"padding\":{\"top\":\"var:preset|spacing|60\",\"right\":\"var:preset|spacing|30\",\"bottom\":\"var:preset|spacing|60\",\"left\":\"var:preset|spacing|30\"},\"blockGap\":\"var:preset|spacing|50\",\"margin\":{\"top\":\"0\",\"bottom\":\"0\"}}},\"layout\":{\"inherit\":true,\"type\":\"constrained\"},\"metadata\":{\"name\":\"About Us\"}} -->\n<div class=\"wp-block-group alignfull has-background-background-color has-background\" id=\"o-nas\" style=\"margin-top:0;margin-bottom:0;padding-top:var(--wp--preset--spacing--60);padding-right:var(--wp--preset--spacing--30);padding-bottom:var(--wp--preset--spacing--60);padding-left:var(--wp--preset--spacing--30)\"><!-- wp:columns {\"verticalAlignment\":\"center\",\"align\":\"wide\",\"style\":{\"spacing\":{\"blockGap\":{\"top\":\"var:preset|spacing|50\",\"left\":\"var:preset|spacing|50\"}}}} -->\n<div class=\"wp-block-columns alignwide are-vertically-aligned-center\"><!-- wp:column {\"verticalAlignment\":\"center\",\"width\":\"50%\",\"style\":{\"spacing\":{\"blockGap\":\"var:preset|spacing|30\"}}} -->\n<div class=\"wp-block-column is-vertically-aligned-center\" style=\"flex-basis:50%\"><!-- wp:group {\"layout\":{\"type\":\"constrained\",\"contentSize\":\"450px\"}} -->\n<div class=\"wp-block-group\"><!-- wp:image {\"aspectRatio\":\"3\/4\",\"scale\":\"cover\",\"className\":\"extendify-image-import\",\"style\":{\"border\":{\"radius\":\"20rem\"}}} -->\n<figure class=\"wp-block-image has-custom-border extendify-image-import\"><img src=\"https:\/\/images.unsplash.com\/photo-1745847768380-2caeadbb3b71?ixid=M3w0MzUxNjF8MHwxfHNlYXJjaHwyMHx8YnVzaW5lc3MlMjBwYXJ0bmVyc2hpcHxlbnwwfHx8fDE3NjA1NTUyMDN8MA&amp;ixlib=rb-4.1.0&amp;orientation=landscape?fit=crop&amp;crop=entropy%2Cfaces&amp;auto=format%2Ccompress&amp;w=1280&amp;h=\" alt=\"\" style=\"border-radius:20rem;aspect-ratio:3\/4;object-fit:cover\"\/><\/figure>\n<!-- \/wp:image --><\/div>\n<!-- \/wp:group --><\/div>\n<!-- \/wp:column -->\n\n<!-- wp:column {\"verticalAlignment\":\"center\",\"width\":\"60%\"} -->\n<div class=\"wp-block-column is-vertically-aligned-center\" style=\"flex-basis:60%\"><!-- wp:heading {\"fontSize\":\"large\"} -->\n<h2 class=\"wp-block-heading has-large-font-size\">Wspieramy polskie firmy w wej\u015bciu na rynek hiszpa\u0144skoj\u0119zyczny<\/h2>\n<!-- \/wp:heading -->\n\n<!-- wp:paragraph {\"style\":{\"spacing\":{\"margin\":{\"top\":\"16px\"}}}} -->\n<p style=\"margin-top:16px\">Jeste\u015bmy partnerem przedsi\u0119biorstw, pomagaj\u0105cym skutecznie komunikowa\u0107 si\u0119 i rozwija\u0107 na rynku hiszpa\u0144skoj\u0119zycznym, \u0142\u0105cz\u0105c do\u015bwiadczenie j\u0119zykowe z praktycznym doradztwem biznesowym.<\/p>\n<!-- \/wp:paragraph --><\/div>\n<!-- \/wp:column --><\/div>\n<!-- \/wp:columns --><\/div>\n<!-- \/wp:group --><!-- wp:group {\"align\":\"full\",\"backgroundColor\":\"tertiary\",\"style\":{\"spacing\":{\"padding\":{\"top\":\"var:preset|spacing|60\",\"right\":\"var:preset|spacing|30\",\"bottom\":\"var:preset|spacing|60\",\"left\":\"var:preset|spacing|30\"},\"blockGap\":\"var:preset|spacing|50\",\"margin\":{\"top\":\"0\",\"bottom\":\"0\"}}},\"layout\":{\"inherit\":true,\"type\":\"constrained\"},\"metadata\":{\"name\":\" Team\"}} -->\n<div class=\"wp-block-group alignfull has-tertiary-background-color has-background\" id=\"zespol\" style=\"margin-top:0;margin-bottom:0;padding-top:var(--wp--preset--spacing--60);padding-right:var(--wp--preset--spacing--30);padding-bottom:var(--wp--preset--spacing--60);padding-left:var(--wp--preset--spacing--30)\"><!-- wp:group {\"layout\":{\"type\":\"constrained\",\"justifyContent\":\"left\",\"contentSize\":\"\"}} -->\n<div class=\"wp-block-group\"><!-- wp:heading {\"textAlign\":\"center\",\"level\":3,\"style\":{\"spacing\":{\"margin\":{\"top\":\"12px\"}}}} -->\n<h3 class=\"wp-block-heading has-text-align-center\" style=\"margin-top:12px\">Kursy j\u0119zyka hiszpa\u0144skiego od podstaw<\/h3>\n<!-- \/wp:heading -->\n\n<!-- wp:paragraph {\"align\":\"center\",\"style\":{\"spacing\":{\"margin\":{\"top\":\"16px\"}}}} -->\n<p class=\"has-text-align-center\" style=\"margin-top:16px\">Poznaj nasz zesp\u00f3\u0142 ekspert\u00f3w, kt\u00f3rzy wspieraj\u0105 Twoj\u0105 firm\u0119 na rynkach hiszpa\u0144skoj\u0119zycznych.<\/p>\n<!-- \/wp:paragraph --><\/div>\n<!-- \/wp:group -->\n\n<!-- wp:columns {\"align\":\"wide\"} -->\n<div class=\"wp-block-columns alignwide\"><!-- wp:column {\"style\":{\"spacing\":{\"blockGap\":\"0\"}}} -->\n<div class=\"wp-block-column\"><!-- wp:image {\"aspectRatio\":\"1\",\"scale\":\"cover\",\"className\":\"is-style-default extendify-image-import\",\"style\":{\"border\":{\"radius\":{\"topRight\":\"25rem\",\"topLeft\":\"25rem\"}}}} -->\n<figure class=\"wp-block-image has-custom-border is-style-default extendify-image-import\"><img src=\"https:\/\/images.unsplash.com\/photo-1611695434369-a8f5d76ceb7b?fit=crop&amp;crop=entropy%2Cfaces&amp;auto=format%2Ccompress&amp;w=1280\" alt=\"\" style=\"border-top-left-radius:25rem;border-top-right-radius:25rem;aspect-ratio:1;object-fit:cover\"\/><\/figure>\n<!-- \/wp:image -->\n\n<!-- wp:group {\"backgroundColor\":\"background\",\"style\":{\"spacing\":{\"padding\":{\"top\":\"24px\",\"right\":\"24px\",\"bottom\":\"24px\",\"left\":\"24px\"}}},\"layout\":{\"type\":\"constrained\"}} -->\n<div class=\"wp-block-group has-background-background-color has-background\" style=\"padding-top:24px;padding-right:24px;padding-bottom:24px;padding-left:24px\"><!-- wp:heading {\"textAlign\":\"center\",\"level\":4,\"style\":{\"typography\":{\"fontSize\":\"20px\"}}} -->\n<h4 class=\"wp-block-heading has-text-align-center\" style=\"font-size:20px\">Anna Kowalska<\/h4>\n<!-- \/wp:heading -->\n\n<!-- wp:paragraph {\"align\":\"center\",\"textColor\":\"primary\",\"fontSize\":\"small\",\"style\":{\"spacing\":{\"margin\":{\"top\":\"4px\"}}}} -->\n<p class=\"has-text-align-center has-primary-color has-text-color has-small-font-size\" style=\"margin-top:4px\">Specjalistka ds. t\u0142umacze\u0144 i komunikacji<\/p>\n<!-- \/wp:paragraph --><\/div>\n<!-- \/wp:group --><\/div>\n<!-- \/wp:column -->\n\n<!-- wp:column {\"style\":{\"spacing\":{\"blockGap\":\"0\"}}} -->\n<div class=\"wp-block-column\"><!-- wp:image {\"aspectRatio\":\"1\",\"scale\":\"cover\",\"className\":\"is-style-default extendify-image-import\",\"style\":{\"border\":{\"radius\":{\"topRight\":\"25rem\",\"topLeft\":\"25rem\"}}}} -->\n<figure class=\"wp-block-image has-custom-border is-style-default extendify-image-import\"><img src=\"https:\/\/images.unsplash.com\/photo-1600600457585-570c2eb88b89?fit=crop&amp;crop=entropy%2Cfaces&amp;auto=format%2Ccompress&amp;w=1280\" alt=\"\" style=\"border-top-left-radius:25rem;border-top-right-radius:25rem;aspect-ratio:1;object-fit:cover\"\/><\/figure>\n<!-- \/wp:image -->\n\n<!-- wp:group {\"backgroundColor\":\"background\",\"style\":{\"spacing\":{\"padding\":{\"top\":\"24px\",\"right\":\"24px\",\"bottom\":\"24px\",\"left\":\"24px\"}}},\"layout\":{\"type\":\"constrained\"}} -->\n<div class=\"wp-block-group has-background-background-color has-background\" style=\"padding-top:24px;padding-right:24px;padding-bottom:24px;padding-left:24px\"><!-- wp:heading {\"textAlign\":\"center\",\"level\":4,\"style\":{\"typography\":{\"fontSize\":\"20px\"}}} -->\n<h4 class=\"wp-block-heading has-text-align-center\" style=\"font-size:20px\">Micha\u0142 Nowak<\/h4>\n<!-- \/wp:heading -->\n\n<!-- wp:paragraph {\"align\":\"center\",\"textColor\":\"primary\",\"fontSize\":\"small\",\"style\":{\"spacing\":{\"margin\":{\"top\":\"4px\"}}}} -->\n<p class=\"has-text-align-center has-primary-color has-text-color has-small-font-size\" style=\"margin-top:4px\">Koordynator ds. rozwoju biznesu<\/p>\n<!-- \/wp:paragraph --><\/div>\n<!-- \/wp:group --><\/div>\n<!-- \/wp:column -->\n\n<!-- wp:column {\"style\":{\"spacing\":{\"blockGap\":\"0\"}}} -->\n<div class=\"wp-block-column\"><!-- wp:image {\"aspectRatio\":\"1\",\"scale\":\"cover\",\"className\":\"is-style-default extendify-image-import\",\"style\":{\"border\":{\"radius\":{\"topRight\":\"25rem\",\"topLeft\":\"25rem\"}}}} -->\n<figure class=\"wp-block-image has-custom-border is-style-default extendify-image-import\"><img src=\"https:\/\/images.unsplash.com\/photo-1596075780750-81249df16d19?fit=crop&amp;crop=entropy%2Cfaces&amp;auto=format%2Ccompress&amp;w=1280\" alt=\"\" style=\"border-top-left-radius:25rem;border-top-right-radius:25rem;aspect-ratio:1;object-fit:cover\"\/><\/figure>\n<!-- \/wp:image -->\n\n<!-- wp:group {\"backgroundColor\":\"background\",\"style\":{\"spacing\":{\"padding\":{\"top\":\"24px\",\"right\":\"24px\",\"bottom\":\"24px\",\"left\":\"24px\"}}},\"layout\":{\"type\":\"constrained\"}} -->\n<div class=\"wp-block-group has-background-background-color has-background\" style=\"padding-top:24px;padding-right:24px;padding-bottom:24px;padding-left:24px\"><!-- wp:heading {\"textAlign\":\"center\",\"level\":4,\"style\":{\"typography\":{\"fontSize\":\"20px\"}}} -->\n<h4 class=\"wp-block-heading has-text-align-center\" style=\"font-size:20px\">Karolina Wi\u015bniewska<\/h4>\n<!-- \/wp:heading -->\n\n<!-- wp:paragraph {\"align\":\"center\",\"textColor\":\"primary\",\"fontSize\":\"small\",\"style\":{\"spacing\":{\"margin\":{\"top\":\"4px\"}}}} -->\n<p class=\"has-text-align-center has-primary-color has-text-color has-small-font-size\" style=\"margin-top:4px\">Trenerka j\u0119zyka hiszpa\u0144skiego<\/p>\n<!-- \/wp:paragraph --><\/div>\n<!-- \/wp:group --><\/div>\n<!-- \/wp:column -->\n\n<!-- wp:column {\"style\":{\"spacing\":{\"blockGap\":\"0\"}}} -->\n<div class=\"wp-block-column\"><!-- wp:image {\"aspectRatio\":\"1\",\"scale\":\"cover\",\"className\":\"is-style-default extendify-image-import\",\"style\":{\"border\":{\"radius\":{\"topRight\":\"25rem\",\"topLeft\":\"25rem\"}}}} -->\n<figure class=\"wp-block-image has-custom-border is-style-default extendify-image-import\"><img src=\"https:\/\/images.unsplash.com\/photo-1601412436016-2cde285e3aad?fit=crop&amp;crop=entropy%2Cfaces&amp;auto=format%2Ccompress&amp;w=1280\" alt=\"\" style=\"border-top-left-radius:25rem;border-top-right-radius:25rem;aspect-ratio:1;object-fit:cover\"\/><\/figure>\n<!-- \/wp:image -->\n\n<!-- wp:group {\"backgroundColor\":\"background\",\"style\":{\"spacing\":{\"padding\":{\"top\":\"24px\",\"right\":\"24px\",\"bottom\":\"24px\",\"left\":\"24px\"}}},\"layout\":{\"type\":\"constrained\"}} -->\n<div class=\"wp-block-group has-background-background-color has-background\" style=\"padding-top:24px;padding-right:24px;padding-bottom:24px;padding-left:24px\"><!-- wp:heading {\"textAlign\":\"center\",\"level\":4,\"style\":{\"typography\":{\"fontSize\":\"20px\"}}} -->\n<h4 class=\"wp-block-heading has-text-align-center\" style=\"font-size:20px\">Piotr Zieli\u0144ski<\/h4>\n<!-- \/wp:heading -->\n\n<!-- wp:paragraph {\"align\":\"center\",\"textColor\":\"primary\",\"fontSize\":\"small\",\"style\":{\"spacing\":{\"margin\":{\"top\":\"4px\"}}}} -->\n<p class=\"has-text-align-center has-primary-color has-text-color has-small-font-size\" style=\"margin-top:4px\">Ekspert ds. kontakt\u00f3w z klientami<\/p>\n<!-- \/wp:paragraph --><\/div>\n<!-- \/wp:group --><\/div>\n<!-- \/wp:column --><\/div>\n<!-- \/wp:columns --><\/div>\n<!-- \/wp:group --><!-- wp:group {\"align\":\"full\",\"backgroundColor\":\"background\",\"style\":{\"spacing\":{\"padding\":{\"top\":\"var:preset|spacing|60\",\"right\":\"var:preset|spacing|30\",\"bottom\":\"var:preset|spacing|60\",\"left\":\"var:preset|spacing|30\"},\"blockGap\":\"var:preset|spacing|50\",\"margin\":{\"top\":\"0\",\"bottom\":\"0\"}}},\"layout\":{\"inherit\":true,\"type\":\"constrained\"},\"metadata\":{\"name\":\" Testimonial\"}} -->\n<div class=\"wp-block-group alignfull has-background-background-color has-background\" id=\"opinie-klientow\" style=\"margin-top:0;margin-bottom:0;padding-top:var(--wp--preset--spacing--60);padding-right:var(--wp--preset--spacing--30);padding-bottom:var(--wp--preset--spacing--60);padding-left:var(--wp--preset--spacing--30)\"><!-- wp:group {\"align\":\"wide\",\"layout\":{\"type\":\"constrained\",\"justifyContent\":\"center\",\"contentSize\":\"\"}} -->\n<div class=\"wp-block-group alignwide\"><!-- wp:heading {\"textAlign\":\"center\",\"level\":3,\"style\":{\"spacing\":{\"margin\":{\"top\":\"12px\"}}}} -->\n<h3 class=\"wp-block-heading has-text-align-center\" style=\"margin-top:12px\">Skuteczny start Twojej firmy w Hiszpanii<\/h3>\n<!-- \/wp:heading -->\n\n<!-- wp:paragraph {\"align\":\"center\",\"style\":{\"spacing\":{\"margin\":{\"top\":\"16px\"}}}} -->\n<p class=\"has-text-align-center\" style=\"margin-top:16px\">Opinie naszych klient\u00f3w, kt\u00f3rzy dzi\u0119ki nam z powodzeniem nawi\u0105zali kontakty na rynku hiszpa\u0144skoj\u0119zycznym.<\/p>\n<!-- \/wp:paragraph --><\/div>\n<!-- \/wp:group -->\n\n<!-- wp:columns {\"align\":\"wide\"} -->\n<div class=\"wp-block-columns alignwide\"><!-- wp:column {\"verticalAlignment\":\"stretch\",\"style\":{\"spacing\":{\"blockGap\":\"0\"}}} -->\n<div class=\"wp-block-column is-vertically-aligned-stretch\"><!-- wp:group {\"backgroundColor\":\"tertiary\",\"style\":{\"spacing\":{\"padding\":{\"top\":\"var:preset|spacing|70\",\"right\":\"var:preset|spacing|40\",\"bottom\":\"var:preset|spacing|70\",\"left\":\"var:preset|spacing|40\"},\"blockGap\":\"16px\"},\"border\":{\"radius\":\"20rem\"},\"dimensions\":{\"minHeight\":\"100%\"}},\"layout\":{\"type\":\"constrained\"}} -->\n<div class=\"wp-block-group has-tertiary-background-color has-background\" style=\"border-radius:20rem;min-height:100%;padding-top:var(--wp--preset--spacing--70);padding-right:var(--wp--preset--spacing--40);padding-bottom:var(--wp--preset--spacing--70);padding-left:var(--wp--preset--spacing--40)\"><!-- wp:group {\"style\":{\"spacing\":{\"blockGap\":\"1rem\"}},\"layout\":{\"type\":\"flex\",\"orientation\":\"vertical\",\"justifyContent\":\"center\"}} -->\n<div class=\"wp-block-group\"><!-- wp:image {\"aspectRatio\":\"1\",\"scale\":\"cover\",\"align\":\"center\",\"className\":\"is-style-rounded extendify-image-import\"} -->\n<figure class=\"wp-block-image aligncenter is-style-rounded extendify-image-import\"><img src=\"https:\/\/images.unsplash.com\/photo-1552374196-c4e7ffc6e126?fit=crop&amp;crop=entropy%2Cfaces&amp;auto=format%2Ccompress&amp;w=96\" alt=\"\" style=\"aspect-ratio:1;object-fit:cover\"\/><\/figure>\n<!-- \/wp:image -->\n\n<!-- wp:group {\"layout\":{\"type\":\"constrained\"}} -->\n<div class=\"wp-block-group\"><!-- wp:heading {\"textAlign\":\"center\",\"level\":4,\"fontSize\":\"medium\"} -->\n<h4 class=\"wp-block-heading has-text-align-center has-medium-font-size\">Anna Kowalska<\/h4>\n<!-- \/wp:heading -->\n\n<!-- wp:paragraph {\"align\":\"center\",\"fontSize\":\"small\",\"style\":{\"spacing\":{\"margin\":{\"top\":\"2px\"}}}} -->\n<p class=\"has-text-align-center has-small-font-size\" style=\"margin-top:2px\">Dyrektor ds. eksportu<\/p>\n<!-- \/wp:paragraph --><\/div>\n<!-- \/wp:group --><\/div>\n<!-- \/wp:group -->\n\n<!-- wp:paragraph {\"align\":\"center\",\"fontSize\":\"small\"} -->\n<p class=\"has-text-align-center has-small-font-size\">Dzi\u0119ki wsparciu tej firmy nasza ekspansja na rynek hiszpa\u0144ski przebieg\u0142a sprawnie i bezproblemowo.<\/p>\n<!-- \/wp:paragraph --><\/div>\n<!-- \/wp:group --><\/div>\n<!-- \/wp:column -->\n\n<!-- wp:column {\"verticalAlignment\":\"stretch\"} -->\n<div class=\"wp-block-column is-vertically-aligned-stretch\"><!-- wp:group {\"backgroundColor\":\"tertiary\",\"style\":{\"spacing\":{\"padding\":{\"top\":\"var:preset|spacing|70\",\"right\":\"var:preset|spacing|40\",\"bottom\":\"var:preset|spacing|70\",\"left\":\"var:preset|spacing|40\"},\"blockGap\":\"16px\"},\"border\":{\"radius\":\"20rem\"},\"dimensions\":{\"minHeight\":\"100%\"}},\"layout\":{\"type\":\"constrained\"}} -->\n<div class=\"wp-block-group has-tertiary-background-color has-background\" style=\"border-radius:20rem;min-height:100%;padding-top:var(--wp--preset--spacing--70);padding-right:var(--wp--preset--spacing--40);padding-bottom:var(--wp--preset--spacing--70);padding-left:var(--wp--preset--spacing--40)\"><!-- wp:group {\"style\":{\"spacing\":{\"blockGap\":\"1rem\"}},\"layout\":{\"type\":\"flex\",\"orientation\":\"vertical\",\"justifyContent\":\"center\"}} -->\n<div class=\"wp-block-group\"><!-- wp:image {\"aspectRatio\":\"1\",\"scale\":\"cover\",\"align\":\"center\",\"className\":\"is-style-rounded extendify-image-import\"} -->\n<figure class=\"wp-block-image aligncenter is-style-rounded extendify-image-import\"><img src=\"https:\/\/images.unsplash.com\/photo-1593757147298-e064ed1419e5?fit=crop&amp;crop=entropy%2Cfaces&amp;auto=format%2Ccompress&amp;w=96\" alt=\"\" style=\"aspect-ratio:1;object-fit:cover\"\/><\/figure>\n<!-- \/wp:image -->\n\n<!-- wp:group {\"layout\":{\"type\":\"constrained\"}} -->\n<div class=\"wp-block-group\"><!-- wp:heading {\"textAlign\":\"center\",\"level\":4,\"fontSize\":\"medium\"} -->\n<h4 class=\"wp-block-heading has-text-align-center has-medium-font-size\">Piotr Nowak<\/h4>\n<!-- \/wp:heading -->\n\n<!-- wp:paragraph {\"align\":\"center\",\"fontSize\":\"small\",\"style\":{\"spacing\":{\"margin\":{\"top\":\"2px\"}}}} -->\n<p class=\"has-text-align-center has-small-font-size\" style=\"margin-top:2px\">Kierownik sprzeda\u017cy<\/p>\n<!-- \/wp:paragraph --><\/div>\n<!-- \/wp:group --><\/div>\n<!-- \/wp:group -->\n\n<!-- wp:paragraph {\"align\":\"center\",\"fontSize\":\"small\"} -->\n<p class=\"has-text-align-center has-small-font-size\">Profesjonalizm i indywidualne podej\u015bcie sprawi\u0142y, \u017ce zyskali\u015bmy zaufanie partner\u00f3w w krajach hiszpa\u0144skoj\u0119zycznych.<\/p>\n<!-- \/wp:paragraph --><\/div>\n<!-- \/wp:group --><\/div>\n<!-- \/wp:column -->\n\n<!-- wp:column {\"verticalAlignment\":\"stretch\"} -->\n<div class=\"wp-block-column is-vertically-aligned-stretch\"><!-- wp:group {\"backgroundColor\":\"tertiary\",\"style\":{\"spacing\":{\"padding\":{\"top\":\"var:preset|spacing|70\",\"right\":\"var:preset|spacing|40\",\"bottom\":\"var:preset|spacing|70\",\"left\":\"var:preset|spacing|40\"},\"blockGap\":\"16px\"},\"border\":{\"radius\":\"20rem\"},\"dimensions\":{\"minHeight\":\"100%\"}},\"layout\":{\"type\":\"constrained\"}} -->\n<div class=\"wp-block-group has-tertiary-background-color has-background\" style=\"border-radius:20rem;min-height:100%;padding-top:var(--wp--preset--spacing--70);padding-right:var(--wp--preset--spacing--40);padding-bottom:var(--wp--preset--spacing--70);padding-left:var(--wp--preset--spacing--40)\"><!-- wp:group {\"style\":{\"spacing\":{\"blockGap\":\"1rem\"}},\"layout\":{\"type\":\"flex\",\"orientation\":\"vertical\",\"justifyContent\":\"center\"}} -->\n<div class=\"wp-block-group\"><!-- wp:image {\"aspectRatio\":\"1\",\"scale\":\"cover\",\"align\":\"center\",\"className\":\"is-style-rounded extendify-image-import\"} -->\n<figure class=\"wp-block-image aligncenter is-style-rounded extendify-image-import\"><img src=\"https:\/\/images.unsplash.com\/photo-1614204424926-196a80bf0be8?fit=crop&amp;crop=entropy%2Cfaces&amp;auto=format%2Ccompress&amp;w=96\" alt=\"\" style=\"aspect-ratio:1;object-fit:cover\"\/><\/figure>\n<!-- \/wp:image -->\n\n<!-- wp:group {\"layout\":{\"type\":\"constrained\"}} -->\n<div class=\"wp-block-group\"><!-- wp:heading {\"textAlign\":\"center\",\"level\":4,\"fontSize\":\"medium\"} -->\n<h4 class=\"wp-block-heading has-text-align-center has-medium-font-size\">Marta Wi\u015bniewska<\/h4>\n<!-- \/wp:heading -->\n\n<!-- wp:paragraph {\"align\":\"center\",\"fontSize\":\"small\",\"style\":{\"spacing\":{\"margin\":{\"top\":\"2px\"}}}} -->\n<p class=\"has-text-align-center has-small-font-size\" style=\"margin-top:2px\">Specjalista ds. marketingu<\/p>\n<!-- \/wp:paragraph --><\/div>\n<!-- \/wp:group --><\/div>\n<!-- \/wp:group -->\n\n<!-- wp:paragraph {\"align\":\"center\",\"fontSize\":\"small\"} -->\n<p class=\"has-text-align-center has-small-font-size\">Pe\u0142ne zadowolenie z us\u0142ug oraz znacz\u0105cy wzrost efektywno\u015bci dzia\u0142a\u0144 na rynku hiszpa\u0144skim.<\/p>\n<!-- \/wp:paragraph --><\/div>\n<!-- \/wp:group --><\/div>\n<!-- \/wp:column --><\/div>\n<!-- \/wp:columns --><\/div>\n<!-- \/wp:group -->","_et_gb_content_width":"","footnotes":""},"class_list":["post-16","page","type-page","status-publish","hentry"],"aioseo_notices":[],"_links":{"self":[{"href":"https:\/\/al-sol.pl\/es\/wp-json\/wp\/v2\/pages\/16","targetHints":{"allow":["GET"]}}],"collection":[{"href":"https:\/\/al-sol.pl\/es\/wp-json\/wp\/v2\/pages"}],"about":[{"href":"https:\/\/al-sol.pl\/es\/wp-json\/wp\/v2\/types\/page"}],"author":[{"embeddable":true,"href":"https:\/\/al-sol.pl\/es\/wp-json\/wp\/v2\/users\/1"}],"replies":[{"embeddable":true,"href":"https:\/\/al-sol.pl\/es\/wp-json\/wp\/v2\/comments?post=16"}],"version-history":[{"count":3,"href":"https:\/\/al-sol.pl\/es\/wp-json\/wp\/v2\/pages\/16\/revisions"}],"predecessor-version":[{"id":64,"href":"https:\/\/al-sol.pl\/es\/wp-json\/wp\/v2\/pages\/16\/revisions\/64"}],"wp:attachment":[{"href":"https:\/\/al-sol.pl\/es\/wp-json\/wp\/v2\/media?parent=16"}],"curies":[{"name":"wp","href":"https:\/\/api.w.org\/{rel}","templated":true}]}}